{"id":180,"date":"2024-12-18T22:08:48","date_gmt":"2024-12-18T21:08:48","guid":{"rendered":"http:\/\/www.archi-pierre.fr\/blizzzart\/?page_id=180"},"modified":"2025-01-07T18:36:55","modified_gmt":"2025-01-07T17:36:55","slug":"location","status":"publish","type":"page","link":"https:\/\/www.archi-pierre.fr\/blizzzart\/location\/","title":{"rendered":"Location Toilettes s\u00e8ches"},"content":{"rendered":"\n<p>Nous proposons un service de location(*) pour des toilettes s\u00e8ches. Pour la r\u00e9server ou demander des renseignements : appelez au 06 88 62 70 79 ou envoyez nous un mail: association.foksa@gmail.com<\/p>\n\n\n\n<p>(*) au lieu d&rsquo;une location ce service peut se transformer en \u00e9change mise \u00e0 disposition avec des partenaires ou des associations.<\/p>\n\n\n\n<h2 class=\"wp-block-heading\">Caravane avec deux blocs de toilettes<\/h2>\n\n\n\n<figure class=\"wp-block-image size-large\"><img loading=\"lazy\" decoding=\"async\" width=\"1024\" height=\"686\" src=\"http:\/\/www.archi-pierre.fr\/blizzzart\/wp-content\/uploads\/2025\/01\/FOksa_caravane-1024x686.jpg\" alt=\"\" class=\"wp-image-292\" srcset=\"https:\/\/www.archi-pierre.fr\/blizzzart\/wp-content\/uploads\/2025\/01\/FOksa_caravane-1024x686.jpg 1024w, https:\/\/www.archi-pierre.fr\/blizzzart\/wp-content\/uploads\/2025\/01\/FOksa_caravane-300x201.jpg 300w, https:\/\/www.archi-pierre.fr\/blizzzart\/wp-content\/uploads\/2025\/01\/FOksa_caravane-768x514.jpg 768w, https:\/\/www.archi-pierre.fr\/blizzzart\/wp-content\/uploads\/2025\/01\/FOksa_caravane.jpg 1175w\" sizes=\"auto, (max-width: 1024px) 100vw, 1024px\" \/><\/figure>\n\n\n\n<h2 class=\"wp-block-heading\">Bloc modulaire pour personne \u00e0 mobilit\u00e9 r\u00e9duite<\/h2>\n\n\n\n<figure class=\"wp-block-image size-large\"><img loading=\"lazy\" decoding=\"async\" width=\"1024\" height=\"732\" src=\"http:\/\/www.archi-pierre.fr\/blizzzart\/wp-content\/uploads\/2025\/01\/FOksa_PMR-1024x732.jpg\" alt=\"\" class=\"wp-image-293\" srcset=\"https:\/\/www.archi-pierre.fr\/blizzzart\/wp-content\/uploads\/2025\/01\/FOksa_PMR-1024x732.jpg 1024w, https:\/\/www.archi-pierre.fr\/blizzzart\/wp-content\/uploads\/2025\/01\/FOksa_PMR-300x214.jpg 300w, https:\/\/www.archi-pierre.fr\/blizzzart\/wp-content\/uploads\/2025\/01\/FOksa_PMR-768x549.jpg 768w, https:\/\/www.archi-pierre.fr\/blizzzart\/wp-content\/uploads\/2025\/01\/FOksa_PMR.jpg 1175w\" sizes=\"auto, (max-width: 1024px) 100vw, 1024px\" \/><\/figure>\n\n\n\n<p><\/p>\n\n\n\n<p><\/p>\n","protected":false},"excerpt":{"rendered":"<p>Nous proposons un service de location(*) pour des toilettes s\u00e8ches. Pour la r\u00e9server ou demander des renseignements : appelez au 06 88 62 70 79 ou envoyez nous un mail: association.foksa@gmail.com (*) au lieu d&rsquo;une location ce service peut se transformer en \u00e9change mise \u00e0 disposition avec des partenaires ou&#8230;<\/p>\n","protected":false},"author":1,"featured_media":0,"parent":0,"menu_order":0,"comment_status":"closed","ping_status":"closed","template":"","meta":{"footnotes":""},"class_list":["post-180","page","type-page","status-publish","hentry"],"_links":{"self":[{"href":"https:\/\/www.archi-pierre.fr\/blizzzart\/wp-json\/wp\/v2\/pages\/180","targetHints":{"allow":["GET"]}}],"collection":[{"href":"https:\/\/www.archi-pierre.fr\/blizzzart\/wp-json\/wp\/v2\/pages"}],"about":[{"href":"https:\/\/www.archi-pierre.fr\/blizzzart\/wp-json\/wp\/v2\/types\/page"}],"author":[{"embeddable":true,"href":"https:\/\/www.archi-pierre.fr\/blizzzart\/wp-json\/wp\/v2\/users\/1"}],"replies":[{"embeddable":true,"href":"https:\/\/www.archi-pierre.fr\/blizzzart\/wp-json\/wp\/v2\/comments?post=180"}],"version-history":[{"count":3,"href":"https:\/\/www.archi-pierre.fr\/blizzzart\/wp-json\/wp\/v2\/pages\/180\/revisions"}],"predecessor-version":[{"id":294,"href":"https:\/\/www.archi-pierre.fr\/blizzzart\/wp-json\/wp\/v2\/pages\/180\/revisions\/294"}],"wp:attachment":[{"href":"https:\/\/www.archi-pierre.fr\/blizzzart\/wp-json\/wp\/v2\/media?parent=180"}],"curies":[{"name":"wp","href":"https:\/\/api.w.org\/{rel}","templated":true}]}}