{"id":204,"date":"2024-12-18T22:21:45","date_gmt":"2024-12-18T21:21:45","guid":{"rendered":"http:\/\/www.archi-pierre.fr\/blizzzart\/?page_id=204"},"modified":"2025-01-18T11:04:39","modified_gmt":"2025-01-18T10:04:39","slug":"ethique","status":"publish","type":"page","link":"https:\/\/www.archi-pierre.fr\/blizzzart\/ethique\/","title":{"rendered":"Ethique"},"content":{"rendered":"\n<p>FOKSA d\u00e9fend depuis ses origines en 2001 un ensemble de valeurs\/objectifs :<\/p>\n\n\n\n<ul class=\"wp-block-list\">\n<li><strong>Garantir un acc\u00e8s \u00e0 la culture pour tous.<\/strong> (La culture ne doit pas \u00eatre seulement r\u00e9serv\u00e9e \u00e0 la population urbaine et doit \u00eatre accessible financi\u00e8rement)<\/li>\n\n\n\n<li><strong>Promouvoir les groupes de musique de la r\u00e9gion<\/strong> qui veulent \u00e9merger : permettre \u00e0 ces derniers d&rsquo;acqu\u00e9rir une exp\u00e9rience et de les faire conna\u00eetre aupr\u00e8s d&rsquo;un large public.<\/li>\n\n\n\n<li><strong>Cr\u00e9er un espace d&rsquo;\u00e9change<\/strong> entre les associations et le public.<\/li>\n\n\n\n<li><strong>Sensibiliser le public<\/strong> au travers d&rsquo;interventions d&rsquo;organismes, \u00e0 agir en ayant des comportements citoyens et responsables, \u00e0 l&rsquo;existence de divers risques. S&rsquo;abstenir de tout moralisme tout en pr\u00e9servant le caract\u00e8re festif de la soir\u00e9e. Le slogan pourrait \u00eatre \u00ab faisons la f\u00eate mais pas n&rsquo;importe comment ! \u00bb,<\/li>\n\n\n\n<li><strong>Favoriser le d\u00e9veloppement du tissu \u00e9conomique <\/strong>de la r\u00e9gion. <strong>Dynamiser le pays <\/strong>d&rsquo;Alen\u00e7on et le pays du bocage <\/li>\n\n\n\n<li><strong>Am\u00e9liorer la qualit\u00e9 des produits vendus en sollicitant les producteurs du terroir, les producteurs issus de l&rsquo;agriculture biologique,<\/strong> garants d&rsquo;une certaine qualit\u00e9 de vie, d&rsquo;une certaine \u00e9thique<\/li>\n\n\n\n<li><strong>Fid\u00e9liser le public : <\/strong>Faire de FOKSA une structure f\u00e9d\u00e9ratrice afin de \u00ab fid\u00e9liser \u00bb les jeunes et de les rassembler autour d&rsquo;actions citoyennes et culturelles.<\/li>\n\n\n\n<li><strong>Favoriser le vivre ensemble<\/strong><\/li>\n<\/ul>\n\n\n\n<p><\/p>\n","protected":false},"excerpt":{"rendered":"<p>FOKSA d\u00e9fend depuis ses origines en 2001 un ensemble de valeurs\/objectifs :<\/p>\n","protected":false},"author":1,"featured_media":0,"parent":0,"menu_order":0,"comment_status":"closed","ping_status":"closed","template":"","meta":{"footnotes":""},"class_list":["post-204","page","type-page","status-publish","hentry"],"_links":{"self":[{"href":"https:\/\/www.archi-pierre.fr\/blizzzart\/wp-json\/wp\/v2\/pages\/204","targetHints":{"allow":["GET"]}}],"collection":[{"href":"https:\/\/www.archi-pierre.fr\/blizzzart\/wp-json\/wp\/v2\/pages"}],"about":[{"href":"https:\/\/www.archi-pierre.fr\/blizzzart\/wp-json\/wp\/v2\/types\/page"}],"author":[{"embeddable":true,"href":"https:\/\/www.archi-pierre.fr\/blizzzart\/wp-json\/wp\/v2\/users\/1"}],"replies":[{"embeddable":true,"href":"https:\/\/www.archi-pierre.fr\/blizzzart\/wp-json\/wp\/v2\/comments?post=204"}],"version-history":[{"count":3,"href":"https:\/\/www.archi-pierre.fr\/blizzzart\/wp-json\/wp\/v2\/pages\/204\/revisions"}],"predecessor-version":[{"id":321,"href":"https:\/\/www.archi-pierre.fr\/blizzzart\/wp-json\/wp\/v2\/pages\/204\/revisions\/321"}],"wp:attachment":[{"href":"https:\/\/www.archi-pierre.fr\/blizzzart\/wp-json\/wp\/v2\/media?parent=204"}],"curies":[{"name":"wp","href":"https:\/\/api.w.org\/{rel}","templated":true}]}}