{"id":221,"date":"2025-01-06T17:40:33","date_gmt":"2025-01-06T16:40:33","guid":{"rendered":"http:\/\/www.archi-pierre.fr\/blizzzart\/?page_id=221"},"modified":"2026-01-17T11:50:11","modified_gmt":"2026-01-17T10:50:11","slug":"vendredi","status":"publish","type":"page","link":"https:\/\/www.archi-pierre.fr\/blizzzart\/vendredi\/","title":{"rendered":"VENDREDI"},"content":{"rendered":"\n<h3 class=\"wp-block-heading\"><strong>GUIZ (TRYO)<\/strong><\/h3>\n\n\n\n<figure class=\"wp-block-embed aligncenter is-type-video is-provider-youtube wp-block-embed-youtube wp-embed-aspect-16-9 wp-has-aspect-ratio\"><div class=\"wp-block-embed__wrapper\">\n<iframe loading=\"lazy\" title=\"Guiz - Quoi de neuf dans Babylone\" width=\"790\" height=\"444\" src=\"https:\/\/www.youtube.com\/embed\/Nc9CzDHaZoc?feature=oembed\" frameborder=\"0\" allow=\"accelerometer; autoplay; clipboard-write; encrypted-media; gyroscope; picture-in-picture; web-share\" referrerpolicy=\"strict-origin-when-cross-origin\" allowfullscreen><\/iframe>\n<\/div><\/figure>\n\n\n\n<p>Objecteur de conscience dans l\u2019\u00e2me, <strong>Guiz<\/strong> est l\u2019auteur d\u2019un grand nombre de chansons incontournables du groupe <strong>Tryo<\/strong> depuis bient\u00f4t 30 ans (\u00ab&nbsp;L\u2019Hymne de nos campagnes&nbsp;\u00bb, \u00ab&nbsp;Toi et moi&nbsp;\u00bb, \u00ab&nbsp;La main verte&nbsp;\u00bb\u2026).<\/p>\n\n\n\n<p>Pour la toute premi\u00e8re fois, il porte un projet en solo, des textes \u00e0 l\u2019image, \u00e0 la fois plus personnel et sans compromis. Ainsi na\u00eet <strong>Utopia<\/strong> qui d\u00e9fend que la vie est belle, qu\u2019elle vaut le coup d\u2019\u00eatre v\u00e9cue, et qu\u2019on ne doit pas se d\u00e9courager. Au contraire, il faut plus que jamais s\u2019unir avec nos dif\u00e9rences, nos valeurs de libert\u00e9, d\u2019\u00e9galit\u00e9 et de fraternit\u00e9.<\/p>\n\n\n\n<p>Impliqu\u00e9 dans divers projets collectifs et adorant l\u2019efervescence du travail cr\u00e9atif en groupe, <strong>Guiz<\/strong> ne pouvait r\u00e9aliser son album sans \u00eatre entour\u00e9 d\u2019amis talentueux. Il a donc fait appel \u00e0 <strong>Martin Laumond<\/strong>, musicien, guitariste et chanteur, qui a accompagn\u00e9 la derni\u00e8re tourn\u00e9e de <strong>Tryo<\/strong> pendant 3 ans. Les habitu\u00e9s de <strong>Tryo<\/strong> reconna\u00eetront \u00e9galement <strong>Manu Eveno<\/strong> (qui a pass\u00e9 25 ans dans le groupe) recrut\u00e9 autant pour ses talents d\u2019arrangeur et de guitariste virtuose que pour une complicit\u00e9 qui se passe de mots. Maestro des platines et champion du monde 2021 de turntablism, <strong>Ordoeuvre<\/strong> vient quant \u00e0 lui explorer le monde du scratch, de la musique \u00e9lectronique et du jazz. Accompagn\u00e9e du groupe <strong>TeKeMat<\/strong> \u00e0 la composition, l\u2019incroyable artiste s\u00e9n\u00e9galaise <strong>Mariaa Siga<\/strong> pose sa voix sur le titre \u00ab&nbsp;<strong>Comme il est<\/strong>\u00ab&nbsp;. On retrouve \u00e9galement les explosifs <strong>Mike<\/strong> et <strong>Rik\u00e9<\/strong> de <strong>Sins\u00e9milia<\/strong> sur le titre \u00ab&nbsp;<strong>D\u00e9brancher<\/strong>\u00ab&nbsp;. Enfin, les multiinstrumentistes <strong>G\u00e9r\u00f4me Briard<\/strong> et <strong>Rapha\u00ebl Charpentier<\/strong> compl\u00e8tent le tableau.<\/p>\n\n\n\n<p>Ainsi merveilleusement accompagn\u00e9, <strong>Guiz<\/strong> livre un album plein d\u2019optimisme et de combats au service de l\u2019Homme et la Nature. Inspir\u00e9 par sa famille, ses lectures, l\u2019amour et l\u2019\u00e9tat politique actuel du monde, avec <strong>Utopia, Guiz<\/strong> porte haut les valeurs et les engagements qui sont les siens depuis le d\u00e9but de sa carri\u00e8re, de l\u2019\u00e9cologie au vivre ensemble, avec un regard unique, \u00e0 la fois ac\u00e9r\u00e9 et empreint de po\u00e9sie.<\/p>\n\n\n\n<p><strong>PREMIER ALBUM SOLO \u00ab UTOPIA \u00bb<\/strong><br><strong>SORTI LE 11.04.25<\/strong><\/p>\n\n\n\n<h3 class=\"wp-block-heading\"><strong>NINI POULAIN<\/strong><\/h3>\n\n\n\n<figure class=\"wp-block-embed aligncenter is-type-video is-provider-youtube wp-block-embed-youtube wp-embed-aspect-16-9 wp-has-aspect-ratio\"><div class=\"wp-block-embed__wrapper\">\n<iframe loading=\"lazy\" title=\"Je suis malade NINI POULAIN extrait de l album &quot;L\u00e2che Prise&quot;\" width=\"790\" height=\"444\" src=\"https:\/\/www.youtube.com\/embed\/x-ip6mRlib0?feature=oembed\" frameborder=\"0\" allow=\"accelerometer; autoplay; clipboard-write; encrypted-media; gyroscope; picture-in-picture; web-share\" referrerpolicy=\"strict-origin-when-cross-origin\" allowfullscreen><\/iframe>\n<\/div><\/figure>\n\n\n\n<p>DE LA N\u00c9O CHANSON FRAN\u00c7AISE \u00c0 VOIR ABSOLUMENT SUR SC\u00c8NE, TELLEMENT C&rsquo;EST UNE BOMBE HUMAINE !<\/p>\n\n\n\n<p>C&rsquo;est un rayon de soleil cette super Nana. Elle irradie sur sc\u00e8ne, \u00e0 fleur de peau, en c\u0153ur sensible, entre rires, sourires, m\u00e9lancolie et chagrins, toute la palette est l\u00e0 avec son accord\u00e9on et sa voix.<br>Son nouvel album \u00ab J\u2019suis pas une rockstar \u00bb prend d\u00e9sormais une dimension plus chanson fran\u00e7aise cuisin\u00e9e \u00e0 la sauce pop rock avec l\u2019arriv\u00e9e de son nouveau batteur Nicolas Courret (Eiffel, Laetitia Sh\u00e9riff), \u00e9galement r\u00e9alisateur artistique de ce dernier. En trio, Ludovic Hellet, contrebassiste hors pair et original, ajoute des rondeurs et de la chaleur \u00e0 sa chanson fran\u00e7aise n\u00e9o, r\u00e9tro et prot\u00e9iforme. D&rsquo;un esprit guinguette \u00e0 l&rsquo;accord\u00e9on, le trio pousse vers les musiques actuelles urbaines, avec m\u00eame des rythmiques hip hop de bon aloi et une \u00e9nergie d\u00e9finitivement rock. La Jolie rousse piquante n&rsquo;est pas une Yvette Horner ni une \u00c9dith Piaf moderne et vivante, mais plut\u00f4t une Mano Solo version rousse, une Renaud version 2.0., on pense au groupe Java s&rsquo;accouplant avec Yves Jamait, \u00e0 Supr\u00eame NTM jammant avec Zaz&rsquo;&#8230;<br>Partout o\u00f9 elle passe les petits c\u0153urs tr\u00e9passent et \u00e7a fonctionne sur tout public et tout \u00e2ge&#8230; Cette nana c&rsquo;est une b\u00eate de sc\u00e8ne tonique et sensible&#8230; \u00e0 ne pas manquer, elle va tout casser&#8230;<\/p>\n\n\n\n<p>NOUVEL ALBUM NOVEMBRE 2025 <a href=\"https:\/\/open.spotify.com\/intl-fr\/album\/1i7QJ9xpBqRudBlRn70GNV?si=jnOhDfaWQGCBrJTpuAmH5Q\" target=\"_blank\" rel=\"noreferrer noopener\">(en \u00e9coute ici)<\/a><\/p>\n\n\n\n<h3 class=\"wp-block-heading\"><strong>ROOTS ZOMBIE<\/strong><\/h3>\n\n\n\n<figure class=\"wp-block-embed aligncenter is-type-video is-provider-youtube wp-block-embed-youtube wp-embed-aspect-16-9 wp-has-aspect-ratio\"><div class=\"wp-block-embed__wrapper\">\n<iframe loading=\"lazy\" title=\"Roots Zombie - Bad Drivers (Full Ep)\" width=\"790\" height=\"444\" src=\"https:\/\/www.youtube.com\/embed\/WUBtolEmpQs?feature=oembed\" frameborder=\"0\" allow=\"accelerometer; autoplay; clipboard-write; encrypted-media; gyroscope; picture-in-picture; web-share\" referrerpolicy=\"strict-origin-when-cross-origin\" allowfullscreen><\/iframe>\n<\/div><\/figure>\n\n\n\n<p>Roots Zombie c\u2019est la rencontre entre un producteur de musique \u00e9lectronique et un bassiste Dub. Issus du Punk, ils qualifient leur style d\u2019Electro Voodoo Dub alliant Reggae, Techno et World Music. <\/p>\n\n\n\n<p>En 2017 le duo signe l\u2019album&nbsp;<em>Soundz From The House<\/em>&nbsp;sur le label ODG PROD, puis&nbsp;<em>Dub Highway<\/em>&nbsp;en 2022 chez Culture Dub, avant de proposer leur premier EP autoproduit&nbsp;<em>Bad Drivers<\/em>&nbsp;en 2024.<\/p>\n\n\n\n<p>Aussi \u00e0 l\u2019aise sur sc\u00e8ne qu\u2019en sound system, Roots Zombie continue de multiplier les projets et concerts, m\u00ealant machines, basse et guitare en live.<\/p>\n\n\n\n<h3 class=\"wp-block-heading\"><strong>BANDi! (ex BANDIKOOT in DUB<\/strong>)<\/h3>\n\n\n\n<figure class=\"wp-block-embed aligncenter is-type-video is-provider-youtube wp-block-embed-youtube wp-embed-aspect-16-9 wp-has-aspect-ratio\"><div class=\"wp-block-embed__wrapper\">\n<iframe loading=\"lazy\" title=\"16 9 TEASER BANDI! 2026\" width=\"790\" height=\"444\" src=\"https:\/\/www.youtube.com\/embed\/RhqANmcHH9s?feature=oembed\" frameborder=\"0\" allow=\"accelerometer; autoplay; clipboard-write; encrypted-media; gyroscope; picture-in-picture; web-share\" referrerpolicy=\"strict-origin-when-cross-origin\" allowfullscreen><\/iframe>\n<\/div><\/figure>\n\n\n\n<p>En 2017 le duo signe l\u2019album&nbsp;<em>Soundz From The House<\/em>&nbsp;sur le label ODG PROD, puis&nbsp;<em>Dub Highway<\/em>&nbsp;en 2022 chez Culture Dub, avant de proposer leur premier EP autoproduit&nbsp;<em>Bad Drivers<\/em>&nbsp;en 2024.<\/p>\n\n\n\n<p><\/p>\n\n\n\n<p><\/p>\n\n\n\n<h3 class=\"wp-block-heading\"><strong>REMANA<\/strong><\/h3>\n\n\n\n<figure class=\"wp-block-embed aligncenter is-type-video is-provider-youtube wp-block-embed-youtube wp-embed-aspect-16-9 wp-has-aspect-ratio\"><div class=\"wp-block-embed__wrapper\">\n<iframe loading=\"lazy\" title=\"REMANA - SOLITUDE (Live dans la for\u00eat)\" width=\"790\" height=\"444\" src=\"https:\/\/www.youtube.com\/embed\/pa0RoNd9hpk?feature=oembed\" frameborder=\"0\" allow=\"accelerometer; autoplay; clipboard-write; encrypted-media; gyroscope; picture-in-picture; web-share\" referrerpolicy=\"strict-origin-when-cross-origin\" allowfullscreen><\/iframe>\n<\/div><\/figure>\n\n\n\n<h3 class=\"wp-block-heading\"><strong>DJ RIO<\/strong><\/h3>\n\n\n\n<figure class=\"wp-block-embed aligncenter is-type-video is-provider-youtube wp-block-embed-youtube wp-embed-aspect-16-9 wp-has-aspect-ratio\"><div class=\"wp-block-embed__wrapper\">\n<iframe loading=\"lazy\" title=\"DJ RIO\" width=\"790\" height=\"444\" src=\"https:\/\/www.youtube.com\/embed\/2jj-QkDCHQ8?feature=oembed\" frameborder=\"0\" allow=\"accelerometer; autoplay; clipboard-write; encrypted-media; gyroscope; picture-in-picture; web-share\" referrerpolicy=\"strict-origin-when-cross-origin\" allowfullscreen><\/iframe>\n<\/div><\/figure>\n\n\n\n<p>Entre morceaux classiques et nouveaut\u00e9s RiO reviens cette ann\u00e9e avec un set Reggae\/Dub\/Dubstep.<br>Dj de chez nous, vous avez sans doute d\u00e9j\u00e0 entendu RiO sur certains \u00e9v\u00e9nements du coin (march\u00e9s, f\u00eate de la musique,\u2026)<br>RiO c&rsquo;est aussi l\u2019animateur de Dub6Tem une \u00e9mission diffus\u00e9e tout les vendredi de 22h00 \u00e0 23h00 sur Radio Coup De Foudre.<\/p>\n\n\n\n<p><\/p>\n\n\n\n<p><\/p>\n","protected":false},"excerpt":{"rendered":"<p>GUIZ (TRYO) Objecteur de conscience dans l\u2019\u00e2me, Guiz est l\u2019auteur d\u2019un grand nombre de chansons incontournables du groupe Tryo depuis bient\u00f4t 30 ans (\u00ab&nbsp;L\u2019Hymne de nos campagnes&nbsp;\u00bb, \u00ab&nbsp;Toi et moi&nbsp;\u00bb, \u00ab&nbsp;La main verte&nbsp;\u00bb\u2026). Pour la toute premi\u00e8re fois, il porte un projet en solo, des textes \u00e0 l\u2019image, \u00e0 la&#8230;<\/p>\n","protected":false},"author":1,"featured_media":0,"parent":0,"menu_order":0,"comment_status":"closed","ping_status":"closed","template":"","meta":{"footnotes":""},"class_list":["post-221","page","type-page","status-publish","hentry"],"_links":{"self":[{"href":"https:\/\/www.archi-pierre.fr\/blizzzart\/wp-json\/wp\/v2\/pages\/221","targetHints":{"allow":["GET"]}}],"collection":[{"href":"https:\/\/www.archi-pierre.fr\/blizzzart\/wp-json\/wp\/v2\/pages"}],"about":[{"href":"https:\/\/www.archi-pierre.fr\/blizzzart\/wp-json\/wp\/v2\/types\/page"}],"author":[{"embeddable":true,"href":"https:\/\/www.archi-pierre.fr\/blizzzart\/wp-json\/wp\/v2\/users\/1"}],"replies":[{"embeddable":true,"href":"https:\/\/www.archi-pierre.fr\/blizzzart\/wp-json\/wp\/v2\/comments?post=221"}],"version-history":[{"count":27,"href":"https:\/\/www.archi-pierre.fr\/blizzzart\/wp-json\/wp\/v2\/pages\/221\/revisions"}],"predecessor-version":[{"id":490,"href":"https:\/\/www.archi-pierre.fr\/blizzzart\/wp-json\/wp\/v2\/pages\/221\/revisions\/490"}],"wp:attachment":[{"href":"https:\/\/www.archi-pierre.fr\/blizzzart\/wp-json\/wp\/v2\/media?parent=221"}],"curies":[{"name":"wp","href":"https:\/\/api.w.org\/{rel}","templated":true}]}}