{"id":224,"date":"2025-01-06T17:40:53","date_gmt":"2025-01-06T16:40:53","guid":{"rendered":"http:\/\/www.archi-pierre.fr\/blizzzart\/?page_id=224"},"modified":"2026-01-17T11:01:53","modified_gmt":"2026-01-17T10:01:53","slug":"samedi","status":"publish","type":"page","link":"https:\/\/www.archi-pierre.fr\/blizzzart\/samedi\/","title":{"rendered":"SAMEDI"},"content":{"rendered":"\n<h2 class=\"wp-block-heading\"><strong>LOFOFORA<\/strong><\/h2>\n\n\n\n<figure class=\"wp-block-embed is-type-video is-provider-youtube wp-block-embed-youtube wp-embed-aspect-16-9 wp-has-aspect-ratio\"><div class=\"wp-block-embed__wrapper\">\n<iframe loading=\"lazy\" title=\"Lofofora - La Machette (Clip officiel)\" width=\"790\" height=\"444\" src=\"https:\/\/www.youtube.com\/embed\/uKe7IQwr2QI?feature=oembed\" frameborder=\"0\" allow=\"accelerometer; autoplay; clipboard-write; encrypted-media; gyroscope; picture-in-picture; web-share\" referrerpolicy=\"strict-origin-when-cross-origin\" allowfullscreen><\/iframe>\n<\/div><\/figure>\n\n\n\n<p>Depuis 1989, LOFOFORA est devenu un des groupes les plus influents de la sc\u00e8ne m\u00e9tal en France. Reconnu et engag\u00e9, port\u00e9 par leur leader charismatique Reuno, le groupe se distingue par ses textes critiques sur la soci\u00e9t\u00e9, le racisme, les m\u00e9dias et les injustices. Leur premier album \u00e9ponyme sort en 1995, imposant leur style \u00e9nergique et sans concession. LOFOFORA est reconnu pour ses prestations sc\u00e9niques puissantes et son activisme militant. Le groupe reste une figure majeure de la sc\u00e8ne alternative fran\u00e7aise, avec une carri\u00e8re durable et respect\u00e9e. Leur discographie compte plusieurs albums marquants, dont&nbsp;<em>Peuh!<\/em>&nbsp;(1996) et&nbsp;<em>Vanit\u00e9s<\/em>&nbsp;(2019) et bien sur&nbsp;<em>Coeur de Cible<\/em>&nbsp;sorti en 2024.<\/p>\n\n\n\n<h2 class=\"wp-block-heading\"><strong>LE BARD<\/strong><\/h2>\n\n\n\n<figure class=\"wp-block-embed is-type-video is-provider-youtube wp-block-embed-youtube wp-embed-aspect-16-9 wp-has-aspect-ratio\"><div class=\"wp-block-embed__wrapper\">\n<iframe loading=\"lazy\" title=\"Le Bard : J&#039;suis content c&#039;est le printemps ( Remix Techno )\" width=\"790\" height=\"444\" src=\"https:\/\/www.youtube.com\/embed\/fjXmDufrZCk?feature=oembed\" frameborder=\"0\" allow=\"accelerometer; autoplay; clipboard-write; encrypted-media; gyroscope; picture-in-picture; web-share\" referrerpolicy=\"strict-origin-when-cross-origin\" allowfullscreen><\/iframe>\n<\/div><\/figure>\n\n\n\n<p><strong>Pr\u00e9sentation Le Bard<\/strong> \u25cb\u25cf\u25cf Passionn\u00e9 de musique techno, Le <strong>Bard<\/strong> nous partage ses diff\u00e9rentes influences musicales avec sa performance &lsquo;Acid guitare&rsquo;. Passant de rythmes flamencos \u00e0 des riffs rock n roll, le tout sur des kicks endiabl\u00e9s, la musique du <strong>Bard<\/strong> r\u00e9ussit \u00e0 rassembler toutes les g\u00e9n\u00e9rations le temps d&rsquo;un live<\/p>\n\n\n\n<h2 class=\"wp-block-heading\"><strong>BARON CRANE<\/strong><\/h2>\n\n\n\n<figure class=\"wp-block-embed is-type-video is-provider-youtube wp-block-embed-youtube wp-embed-aspect-16-9 wp-has-aspect-ratio\"><div class=\"wp-block-embed__wrapper\">\n<iframe loading=\"lazy\" title=\"Baron Cr\u00e2ne feat Arthur Brossard - Acid Rains - Live at Le Petit Bain, Paris\" width=\"790\" height=\"444\" src=\"https:\/\/www.youtube.com\/embed\/49KQr_qfIJw?feature=oembed\" frameborder=\"0\" allow=\"accelerometer; autoplay; clipboard-write; encrypted-media; gyroscope; picture-in-picture; web-share\" referrerpolicy=\"strict-origin-when-cross-origin\" allowfullscreen><\/iframe>\n<\/div><\/figure>\n\n\n\n<p>&#8230;<\/p>\n\n\n\n<h2 class=\"wp-block-heading\"><strong>AYYA<\/strong><\/h2>\n\n\n\n<figure class=\"wp-block-embed is-type-video is-provider-youtube wp-block-embed-youtube wp-embed-aspect-16-9 wp-has-aspect-ratio\"><div class=\"wp-block-embed__wrapper\">\n<iframe loading=\"lazy\" title=\"!AYYA! - Amac (Session Live)\" width=\"790\" height=\"444\" src=\"https:\/\/www.youtube.com\/embed\/IVaScfHcrmY?feature=oembed\" frameborder=\"0\" allow=\"accelerometer; autoplay; clipboard-write; encrypted-media; gyroscope; picture-in-picture; web-share\" referrerpolicy=\"strict-origin-when-cross-origin\" allowfullscreen><\/iframe>\n<\/div><\/figure>\n\n\n\n<p>&#8230;<\/p>\n\n\n\n<h2 class=\"wp-block-heading\"><strong>DOMINIQUE FEVRIER<\/strong><\/h2>\n\n\n\n<figure class=\"wp-block-embed is-type-video is-provider-youtube wp-block-embed-youtube wp-embed-aspect-16-9 wp-has-aspect-ratio\"><div class=\"wp-block-embed__wrapper\">\n<iframe loading=\"lazy\" title=\"Dominique F\u00e9vrier - 4Matic\" width=\"790\" height=\"444\" src=\"https:\/\/www.youtube.com\/embed\/LFHKALrJnoQ?feature=oembed\" frameborder=\"0\" allow=\"accelerometer; autoplay; clipboard-write; encrypted-media; gyroscope; picture-in-picture; web-share\" referrerpolicy=\"strict-origin-when-cross-origin\" allowfullscreen><\/iframe>\n<\/div><\/figure>\n\n\n\n<p>??<\/p>\n\n\n\n<h2 class=\"wp-block-heading\"><strong>PHILEM&amp;ELDE<\/strong><\/h2>\n\n\n\n<figure class=\"wp-block-embed is-type-video is-provider-youtube wp-block-embed-youtube wp-embed-aspect-16-9 wp-has-aspect-ratio\"><div class=\"wp-block-embed__wrapper\">\n<iframe loading=\"lazy\" title=\"Philem - Live Foutain of Youth remix\" width=\"790\" height=\"444\" src=\"https:\/\/www.youtube.com\/embed\/CCQdq2znkdA?feature=oembed\" frameborder=\"0\" allow=\"accelerometer; autoplay; clipboard-write; encrypted-media; gyroscope; picture-in-picture; web-share\" referrerpolicy=\"strict-origin-when-cross-origin\" allowfullscreen><\/iframe>\n<\/div><\/figure>\n\n\n\n<p>Le duo caennais Philem (rap) et \u00c8ld\u00e9 (beatmaking) se produira sur la sc\u00e8ne du Blizz&rsquo;Art avec leur style fusionnant rap technique et productions \u00e9lectroniques, oscillant entre trap et atmosph\u00e8res sombres. Leur musique, \u00e0 la fois sinc\u00e8re et audacieuse, se distingue par des rimes percutantes et une alternance entre m\u00e9lodies sensibles et \u00e9nergies brutes, cr\u00e9ant une ambiance unique et intense.<\/p>\n\n\n\n<h2 class=\"wp-block-heading\"><\/h2>\n\n\n\n<p><\/p>\n","protected":false},"excerpt":{"rendered":"<p>LOFOFORA Depuis 1989, LOFOFORA est devenu un des groupes les plus influents de la sc\u00e8ne m\u00e9tal en France. Reconnu et engag\u00e9, port\u00e9 par leur leader charismatique Reuno, le groupe se distingue par ses textes critiques sur la soci\u00e9t\u00e9, le racisme, les m\u00e9dias et les injustices. Leur premier album \u00e9ponyme sort&#8230;<\/p>\n","protected":false},"author":1,"featured_media":0,"parent":0,"menu_order":0,"comment_status":"closed","ping_status":"closed","template":"","meta":{"footnotes":""},"class_list":["post-224","page","type-page","status-publish","hentry"],"_links":{"self":[{"href":"https:\/\/www.archi-pierre.fr\/blizzzart\/wp-json\/wp\/v2\/pages\/224","targetHints":{"allow":["GET"]}}],"collection":[{"href":"https:\/\/www.archi-pierre.fr\/blizzzart\/wp-json\/wp\/v2\/pages"}],"about":[{"href":"https:\/\/www.archi-pierre.fr\/blizzzart\/wp-json\/wp\/v2\/types\/page"}],"author":[{"embeddable":true,"href":"https:\/\/www.archi-pierre.fr\/blizzzart\/wp-json\/wp\/v2\/users\/1"}],"replies":[{"embeddable":true,"href":"https:\/\/www.archi-pierre.fr\/blizzzart\/wp-json\/wp\/v2\/comments?post=224"}],"version-history":[{"count":15,"href":"https:\/\/www.archi-pierre.fr\/blizzzart\/wp-json\/wp\/v2\/pages\/224\/revisions"}],"predecessor-version":[{"id":484,"href":"https:\/\/www.archi-pierre.fr\/blizzzart\/wp-json\/wp\/v2\/pages\/224\/revisions\/484"}],"wp:attachment":[{"href":"https:\/\/www.archi-pierre.fr\/blizzzart\/wp-json\/wp\/v2\/media?parent=224"}],"curies":[{"name":"wp","href":"https:\/\/api.w.org\/{rel}","templated":true}]}}